{"id":6556,"date":"2025-06-09T17:25:18","date_gmt":"2025-06-09T15:25:18","guid":{"rendered":"https:\/\/tatortfotos.com\/?page_id=6556"},"modified":"2025-06-15T23:36:49","modified_gmt":"2025-06-15T21:36:49","slug":"vita","status":"publish","type":"page","link":"https:\/\/tatortfotos.com\/en\/vita\/","title":{"rendered":"CV"},"content":{"rendered":"<div class=\"wp-block-image\">\n<figure class=\"alignleft size-full is-resized\"><img loading=\"lazy\" decoding=\"async\" width=\"567\" height=\"425\" src=\"https:\/\/tatortfotos.com\/wp-content\/uploads\/2025\/06\/ALT_Kirche-1.jpg\" alt=\"\" class=\"wp-image-6559\" style=\"width:426px;height:auto\" srcset=\"https:\/\/tatortfotos.com\/wp-content\/uploads\/2025\/06\/ALT_Kirche-1.jpg 567w, https:\/\/tatortfotos.com\/wp-content\/uploads\/2025\/06\/ALT_Kirche-1-300x225.jpg 300w\" sizes=\"auto, (max-width: 567px) 100vw, 567px\" \/><figcaption class=\"wp-element-caption\"><sub>Wedding \u2013 Mo \u017dupanc, 2005<\/sub><\/figcaption><\/figure>\n<\/div>\n\n\n<p class=\"has-text-align-left\"><strong>Mo \u017dupanc has been interested in photography and creating things since she was a child.<\/strong><\/p>\n\n\n\n<p><\/p>\n\n\n\n<p><\/p>\n\n\n\n<p class=\"has-text-align-left\">So it was foreseeable that in 1998, after graduating from high school, she would begin studying product design at the Niederrhein University of Applied Sciences in Krefeld.<\/p>\n\n\n\n<p class=\"has-text-align-left\">While still a student, she founded her own photo label and, after successfully completing her studies in 2004, experimented with her first more complex compositions in her own photo studio on the scrap island in Duisburg harbor.<\/p>\n\n\n\n<p class=\"has-text-align-left\">In 2005, the first \u201ctrash collages\u201d (as Mo \u017dupanc herself called the works at that time) were created, such as: <em>,The wedding&#039;<\/em>, in which she staged a wedding scene in a church, playing the entire wedding party herself.<\/p>\n\n\n\n<p class=\"has-text-align-left\">Even then, her compositions showed the same main characteristics as her current works: parody, grotesque and stereotypical role models.<\/p>\n\n\n\n<p>In addition to her artistic work, Mo \u017dupanc fulfilled another of her heart&#039;s desires in 2009 and began training as a midwife in Hanover. After passing her exams, she worked freelance and began studying photojournalism at the Hanover University of Applied Sciences and Arts in 2015.<\/p>\n\n\n\n<p>For personal reasons, she returned to the Ruhr region in 2017 and simultaneously applied for a master&#039;s degree in photography at Bielefeld University. While studying, she continued to work as a midwife until joining the Criminal Investigation Department in late 2021.<\/p>\n\n\n\n<p>Soon after, she put her previous, more socio-culturally focused master\u2019s thesis topic aside and developed a new thesis entitled: <em>\u201cThe history of crime scene photography and its own artistic implementation\u201d<\/em>She successfully completed her Master&#039;s degree in early 2023 and has since been working on further compositions for her project<em> &#039;Crime scene photos&#039;.<\/em><\/p>\n\n\n\n<p>Mo \u017dupanc lives and works in Duisburg and Hanover.<\/p>\n\n\n<div class=\"wp-block-image\">\n<figure class=\"aligncenter size-full is-resized\"><img loading=\"lazy\" decoding=\"async\" width=\"432\" height=\"434\" src=\"https:\/\/tatortfotos.com\/wp-content\/uploads\/2025\/06\/Spusi_Foto_weisser_HG-6.jpg\" alt=\"\" class=\"wp-image-6603\" style=\"width:176px;height:auto\" srcset=\"https:\/\/tatortfotos.com\/wp-content\/uploads\/2025\/06\/Spusi_Foto_weisser_HG-6.jpg 432w, https:\/\/tatortfotos.com\/wp-content\/uploads\/2025\/06\/Spusi_Foto_weisser_HG-6-300x300.jpg 300w, https:\/\/tatortfotos.com\/wp-content\/uploads\/2025\/06\/Spusi_Foto_weisser_HG-6-150x150.jpg 150w, https:\/\/tatortfotos.com\/wp-content\/uploads\/2025\/06\/Spusi_Foto_weisser_HG-6-109x109.jpg 109w, https:\/\/tatortfotos.com\/wp-content\/uploads\/2025\/06\/Spusi_Foto_weisser_HG-6-100x100.jpg 100w\" sizes=\"auto, (max-width: 432px) 100vw, 432px\" \/><\/figure>\n<\/div>","protected":false},"excerpt":{"rendered":"<p>Mo \u017dupanc interessiert sich seit ihrer Kindheit f\u00fcr Fotografie und daf\u00fcr, Dinge zu erschaffen. So war es absehbar, dass sie 1998 nach dem Abitur an der Hochschule Niederrhein in Krefeld ein Produktdesign Studium begann. Bereits im Studium gr\u00fcndete sie ihr [&hellip;]<\/p>","protected":false},"author":1,"featured_media":0,"parent":0,"menu_order":0,"comment_status":"closed","ping_status":"closed","template":"","meta":{"footnotes":""},"class_list":["post-6556","page","type-page","status-publish","hentry"],"_links":{"self":[{"href":"https:\/\/tatortfotos.com\/en\/wp-json\/wp\/v2\/pages\/6556","targetHints":{"allow":["GET"]}}],"collection":[{"href":"https:\/\/tatortfotos.com\/en\/wp-json\/wp\/v2\/pages"}],"about":[{"href":"https:\/\/tatortfotos.com\/en\/wp-json\/wp\/v2\/types\/page"}],"author":[{"embeddable":true,"href":"https:\/\/tatortfotos.com\/en\/wp-json\/wp\/v2\/users\/1"}],"replies":[{"embeddable":true,"href":"https:\/\/tatortfotos.com\/en\/wp-json\/wp\/v2\/comments?post=6556"}],"version-history":[{"count":31,"href":"https:\/\/tatortfotos.com\/en\/wp-json\/wp\/v2\/pages\/6556\/revisions"}],"predecessor-version":[{"id":6661,"href":"https:\/\/tatortfotos.com\/en\/wp-json\/wp\/v2\/pages\/6556\/revisions\/6661"}],"wp:attachment":[{"href":"https:\/\/tatortfotos.com\/en\/wp-json\/wp\/v2\/media?parent=6556"}],"curies":[{"name":"wp","href":"https:\/\/api.w.org\/{rel}","templated":true}]}}